{"id":13,"date":"2017-01-16T10:30:53","date_gmt":"2017-01-16T09:30:53","guid":{"rendered":"http:\/\/www.gustav-und-co.de\/?page_id=13"},"modified":"2017-08-18T14:21:43","modified_gmt":"2017-08-18T12:21:43","slug":"namensgeber","status":"publish","type":"page","link":"https:\/\/www.schule-niepars.de\/?page_id=13","title":{"rendered":"Prof. Gustav Pflugradt"},"content":{"rendered":"<ul>\n<li>Geboren 1828 in Franzensberg\/Neukalen bei Schwerin, als Sohn eines F\u00f6rsters in gro\u00dfherzoglichen Diensten<\/li>\n<li>Sch\u00fcler von Wilhelm Schirmer in D\u00fcsseldorf<\/li>\n<li>Ab 1858 studierte er Landschaftsmalerei im Atelier von Prof. Eduard Biermann in Berlin mit Unterst\u00fctzung der gro\u00dfherzoglichen Regierung<\/li>\n<li>1894 Verleihung des Professorentitels durch die Regierung<\/li>\n<li>Zwischen 1862 und 1907 Ausstellung seiner Bilder in der Berliner Akademie und in Schwerin<\/li>\n<li>Am 20.05.1908 im Alter von 79 Jahren in Berlin verstorben und in P\u00fctte beigesetzt.<\/li>\n<\/ul>\n<div id='gallery-1' class='gallery galleryid-13 gallery-columns-3 gallery-size-thumbnail'><figure class='gallery-item'>\n\t\t\t<div class='gallery-icon landscape'>\n\t\t\t\t<a href='https:\/\/www.schule-niepars.de\/?attachment_id=932'><img loading=\"lazy\" decoding=\"async\" width=\"150\" height=\"150\" src=\"https:\/\/www.schule-niepars.de\/wp-content\/uploads\/2017\/03\/pflugradt_bild1-150x150.jpg\" class=\"attachment-thumbnail size-thumbnail\" alt=\"\" \/><\/a>\n\t\t\t<\/div><\/figure><figure class='gallery-item'>\n\t\t\t<div class='gallery-icon portrait'>\n\t\t\t\t<a href='https:\/\/www.schule-niepars.de\/?attachment_id=933'><img loading=\"lazy\" decoding=\"async\" width=\"150\" height=\"150\" src=\"https:\/\/www.schule-niepars.de\/wp-content\/uploads\/2017\/03\/pflugradt_bild2-150x150.jpg\" class=\"attachment-thumbnail size-thumbnail\" alt=\"\" \/><\/a>\n\t\t\t<\/div><\/figure>\n\t\t<\/div>\n\n<p>&nbsp;<\/p>\n","protected":false},"excerpt":{"rendered":"<p>Geboren 1828 in Franzensberg\/Neukalen bei Schwerin, als Sohn eines F\u00f6rsters in gro\u00dfherzoglichen Diensten Sch\u00fcler von Wilhelm Schirmer in D\u00fcsseldorf Ab 1858 studierte er Landschaftsmalerei im Atelier von Prof. Eduard Biermann in Berlin mit Unterst\u00fctzung der gro\u00dfherzoglichen Regierung 1894 Verleihung des Professorentitels durch die Regierung Zwischen 1862 und 1907 Ausstellung seiner Bilder in der Berliner Akademie und in Schwerin Am 20.05.1908 im Alter von 79 Jahren in Berlin verstorben und in P\u00fctte beigesetzt. &nbsp;<\/p>\n","protected":false},"author":3,"featured_media":0,"parent":1872,"menu_order":1,"comment_status":"closed","ping_status":"closed","template":"","meta":{"footnotes":""},"class_list":["post-13","page","type-page","status-publish","hentry"],"_links":{"self":[{"href":"https:\/\/www.schule-niepars.de\/index.php?rest_route=\/wp\/v2\/pages\/13","targetHints":{"allow":["GET"]}}],"collection":[{"href":"https:\/\/www.schule-niepars.de\/index.php?rest_route=\/wp\/v2\/pages"}],"about":[{"href":"https:\/\/www.schule-niepars.de\/index.php?rest_route=\/wp\/v2\/types\/page"}],"author":[{"embeddable":true,"href":"https:\/\/www.schule-niepars.de\/index.php?rest_route=\/wp\/v2\/users\/3"}],"replies":[{"embeddable":true,"href":"https:\/\/www.schule-niepars.de\/index.php?rest_route=%2Fwp%2Fv2%2Fcomments&post=13"}],"version-history":[{"count":2,"href":"https:\/\/www.schule-niepars.de\/index.php?rest_route=\/wp\/v2\/pages\/13\/revisions"}],"predecessor-version":[{"id":1948,"href":"https:\/\/www.schule-niepars.de\/index.php?rest_route=\/wp\/v2\/pages\/13\/revisions\/1948"}],"up":[{"embeddable":true,"href":"https:\/\/www.schule-niepars.de\/index.php?rest_route=\/wp\/v2\/pages\/1872"}],"wp:attachment":[{"href":"https:\/\/www.schule-niepars.de\/index.php?rest_route=%2Fwp%2Fv2%2Fmedia&parent=13"}],"curies":[{"name":"wp","href":"https:\/\/api.w.org\/{rel}","templated":true}]}}