{"id":145,"date":"2017-01-17T09:24:32","date_gmt":"2017-01-17T08:24:32","guid":{"rendered":"http:\/\/www.gustav-und-co.de\/?page_id=145"},"modified":"2020-08-17T15:17:53","modified_gmt":"2020-08-17T13:17:53","slug":"einzugsgebiet","status":"publish","type":"page","link":"https:\/\/www.schule-niepars.de\/?page_id=145","title":{"rendered":"Einzugsgebiet"},"content":{"rendered":"<p>Zum Einzugsgebiet der Regionalen Schule Niepars geh\u00f6ren die Gemeinde Niepars mit den Ortsteilen Buschenhagen, Duvendiek, Kummerow, Kummerow-Heide, Lassentin, Martensdorf, Neu Bartelshagen, Oberm\u00fctzkow, W\u00fcstenhagen, Zansebuhr, und Z\u00fchlendorf, die Gemeinde Pantelitz mit den Ortsteilen Zimkendorf, P\u00fctte und Viersdorf, die Gemeinde Jakobsdorf mit dem Ortsteil Nienhagen und die Gemeinde Steinhagen mit den Ortsteilen Negast und Krummenhagen sowie die Gemeinde L\u00fcssow mit den Ortsteilen Klein Kordshagen und Langendorf. Vielleicht wird auch die Gemeinde Zarrendorf bald zum Schuleinzugsgebiet geh\u00f6ren.<\/p>\n","protected":false},"excerpt":{"rendered":"<p>Zum Einzugsgebiet der Regionalen Schule Niepars geh\u00f6ren die Gemeinde Niepars mit den Ortsteilen Buschenhagen, Duvendiek, Kummerow, Kummerow-Heide, Lassentin, Martensdorf, Neu Bartelshagen, Oberm\u00fctzkow, W\u00fcstenhagen, Zansebuhr, und Z\u00fchlendorf, die Gemeinde Pantelitz mit den Ortsteilen Zimkendorf, P\u00fctte und Viersdorf, die Gemeinde Jakobsdorf mit dem Ortsteil Nienhagen und die Gemeinde Steinhagen mit den Ortsteilen Negast und Krummenhagen sowie die Gemeinde L\u00fcssow mit den Ortsteilen Klein Kordshagen und Langendorf. Vielleicht wird auch die Gemeinde Zarrendorf bald zum Schuleinzugsgebiet geh\u00f6ren.<\/p>\n","protected":false},"author":3,"featured_media":0,"parent":1872,"menu_order":0,"comment_status":"closed","ping_status":"closed","template":"","meta":{"footnotes":""},"class_list":["post-145","page","type-page","status-publish","hentry"],"_links":{"self":[{"href":"https:\/\/www.schule-niepars.de\/index.php?rest_route=\/wp\/v2\/pages\/145","targetHints":{"allow":["GET"]}}],"collection":[{"href":"https:\/\/www.schule-niepars.de\/index.php?rest_route=\/wp\/v2\/pages"}],"about":[{"href":"https:\/\/www.schule-niepars.de\/index.php?rest_route=\/wp\/v2\/types\/page"}],"author":[{"embeddable":true,"href":"https:\/\/www.schule-niepars.de\/index.php?rest_route=\/wp\/v2\/users\/3"}],"replies":[{"embeddable":true,"href":"https:\/\/www.schule-niepars.de\/index.php?rest_route=%2Fwp%2Fv2%2Fcomments&post=145"}],"version-history":[{"count":3,"href":"https:\/\/www.schule-niepars.de\/index.php?rest_route=\/wp\/v2\/pages\/145\/revisions"}],"predecessor-version":[{"id":4564,"href":"https:\/\/www.schule-niepars.de\/index.php?rest_route=\/wp\/v2\/pages\/145\/revisions\/4564"}],"up":[{"embeddable":true,"href":"https:\/\/www.schule-niepars.de\/index.php?rest_route=\/wp\/v2\/pages\/1872"}],"wp:attachment":[{"href":"https:\/\/www.schule-niepars.de\/index.php?rest_route=%2Fwp%2Fv2%2Fmedia&parent=145"}],"curies":[{"name":"wp","href":"https:\/\/api.w.org\/{rel}","templated":true}]}}