{"id":151,"date":"2017-01-17T09:36:51","date_gmt":"2017-01-17T08:36:51","guid":{"rendered":"http:\/\/www.gustav-und-co.de\/?page_id=151"},"modified":"2025-10-17T10:14:46","modified_gmt":"2025-10-17T08:14:46","slug":"grundschule","status":"publish","type":"page","link":"https:\/\/www.schule-niepars.de\/?page_id=151","title":{"rendered":"Grundschule"},"content":{"rendered":"<p>Der Grundschulteil der Regionalen Schule Niepars \u201eProf. Gustav Pflugradt\u201c hat zurzeit 181 Kinder, die in 8 Klassen unterrichtet werden. Daf\u00fcr stehen ihnen 8 Klassenr\u00e4ume, eine Sporthalle nebst Sportau\u00dfenanlage, zwei Werkr\u00e4ume, ein Computerkabinett und ein Schulgarten f\u00fcr den Sachunterricht zur Verf\u00fcgung.<br \/>\nDer Grundschulbereich ist in den Mittelaufgang des Schulhauses integriert, verf\u00fcgt \u00fcber einen eigenen Eingang und einen separaten Schulhof mit Au\u00dfenspielger\u00e4ten f\u00fcr die Pausengestaltung. Zwei Klassenr\u00e4ume befinden sich im Regionalschulteil, aber alle Kinder nutzen den Mittelaufgang.<\/p>\n<p>Unterrichtsbeginn ist um 7:45 Uhr. Mit Ankunft des ersten Schulbusses um 7:15 Uhr steht t\u00e4glich unsere Alltagshelferin Frau Wiechmann f\u00fcr den Einlass der Sch\u00fcler bereit. Gleicherma\u00dfen werden alle Busabfahrten nach dem Unterricht durch Aufsichten der Lehrer abgesichert.<\/p>\n<p>In unserer Grundschule unterrichten 11 Fachlehrerinnen, von denen zugleich 8 Kolleginnen auch Klassenleiter sind.<\/p>\n<p>Einen gro\u00dfen Stellenwert nehmen in unserer Einrichtung die Zusammenarbeit zwischen Schule und allen Elternh\u00e4usern, aber auch die regelm\u00e4\u00dfigen Absprachen zwischen Klassenleitern und Elternr\u00e4ten ein, denn nur durch diese enge Kooperation gelingt es uns, sowohl im schulischen, als auch im au\u00dferunterrichtlichen Bereich positiven Einfluss auf die Entwicklung eines jeden Kindes zu nehmen.<\/p>\n<p>Zur Unterst\u00fctzung des organisatorischen Tagesablaufes erfolgt eine enge Zusammenarbeit mit der Kindertagesst\u00e4tte in Niepars. Die Hortkinder werden in der Kindertagesst\u00e4tte \u201eStorchennest\u201c betreut und konnten in diesem Schuljahr einen tollen Neubau in Empfang nehmen.<\/p>\n<p>Schon seit vielen Jahren besteht im Rahmen der Ganztagsschule f\u00fcr alle Grundschulkinder die M\u00f6glichkeit, sich in Arbeitsgemeinschaften sinnvoll zu bet\u00e4tigen.<\/p>\n<p>Viel Wert legen alle Klassen auf die Ausgestaltung ihrer R\u00e4ume entsprechend der Jahreszeiten. Viele weitere Dinge geh\u00f6ren in unserem Schulleben zur Tradition. So die Projekttage zu den Themen:<\/p>\n<ul>\n<li>Herbst<\/li>\n<li>Weihnachten<\/li>\n<li>Umwelt und Verkehrserziehung<\/li>\n<\/ul>\n<p>Kurz vor den Weihnachtsferien f\u00e4hrt die gesamte Grundschule ins Theater und schaut sich das Weihnachtsm\u00e4rchen an. Wir freuen uns, dass wir hierbei von unserer Gemeinde finanziell unterst\u00fctzt werden.<\/p>\n<p>Mit viel Freude feiern wir regelm\u00e4\u00dfig unseren Schulfasching.<\/p>\n<p>Der Sport wird an unserer Grundschule ebenfalls ganz gro\u00df geschrieben. J\u00e4hrlich k\u00e4mpfen alle M\u00e4dchen und Jungen beim Leichtathletiksportfest, dem Hallensportfest und dem Abwurfballturnier um die besten Ergebnisse. Im Herbst startet das Schuljahr stets mit einem Crosslauf. Die Schwimmausbildung f\u00fcr die Grundschulkinder erfolgt in Jahrgangsstufe 3.<\/p>\n<p>Nat\u00fcrlich findet in unserer Grundschule regelm\u00e4\u00dfig eine Mathematikolympiade f\u00fcr die \u201eSuperdenker\u201c der Klassen 2 \u2013 4 statt und auch am K\u00e4nguruwettbewerb nehmen alle Kinder der Klassen 1 &#8211; 4 teil, die gerne knobeln. Ein Vorlesewettbewerb der besten \u201eLeseratten\u201c aus den Klassen 1 &#8211; 4 findet am Ende des Schuljahres statt.<\/p>\n<p>Na und wer nun Lust hat, zu uns zu kommen, der sollte sich am \u201eTag der offenen T\u00fcr\u201c bei uns umsehen, denn dann sind alle R\u00e4umlichkeiten der Schule offen.<\/p>\n","protected":false},"excerpt":{"rendered":"<p>Der Grundschulteil der Regionalen Schule Niepars \u201eProf. Gustav Pflugradt\u201c hat zurzeit 181 Kinder, die in 8 Klassen unterrichtet werden. Daf\u00fcr stehen ihnen 8 Klassenr\u00e4ume, eine Sporthalle nebst Sportau\u00dfenanlage, zwei Werkr\u00e4ume, ein Computerkabinett und ein Schulgarten f\u00fcr den Sachunterricht zur Verf\u00fcgung. Der Grundschulbereich ist in den Mittelaufgang des Schulhauses integriert, verf\u00fcgt \u00fcber einen eigenen Eingang und einen separaten Schulhof mit Au\u00dfenspielger\u00e4ten f\u00fcr die Pausengestaltung. Zwei Klassenr\u00e4ume befinden sich im Regionalschulteil, aber alle Kinder nutzen den Mittelaufgang. Unterrichtsbeginn ist um 7:45 Uhr. Mit Ankunft des ersten Schulbusses um 7:15 Uhr steht t\u00e4glich unsere Alltagshelferin Frau Wiechmann f\u00fcr den Einlass der Sch\u00fcler bereit. <a href=\"https:\/\/www.schule-niepars.de\/?page_id=151\" class=\"read-more\">&#8230; Weiterlesen &#8230;<\/a><\/p>\n","protected":false},"author":3,"featured_media":0,"parent":1872,"menu_order":5,"comment_status":"closed","ping_status":"closed","template":"","meta":{"footnotes":""},"class_list":["post-151","page","type-page","status-publish","hentry"],"_links":{"self":[{"href":"https:\/\/www.schule-niepars.de\/index.php?rest_route=\/wp\/v2\/pages\/151","targetHints":{"allow":["GET"]}}],"collection":[{"href":"https:\/\/www.schule-niepars.de\/index.php?rest_route=\/wp\/v2\/pages"}],"about":[{"href":"https:\/\/www.schule-niepars.de\/index.php?rest_route=\/wp\/v2\/types\/page"}],"author":[{"embeddable":true,"href":"https:\/\/www.schule-niepars.de\/index.php?rest_route=\/wp\/v2\/users\/3"}],"replies":[{"embeddable":true,"href":"https:\/\/www.schule-niepars.de\/index.php?rest_route=%2Fwp%2Fv2%2Fcomments&post=151"}],"version-history":[{"count":19,"href":"https:\/\/www.schule-niepars.de\/index.php?rest_route=\/wp\/v2\/pages\/151\/revisions"}],"predecessor-version":[{"id":7973,"href":"https:\/\/www.schule-niepars.de\/index.php?rest_route=\/wp\/v2\/pages\/151\/revisions\/7973"}],"up":[{"embeddable":true,"href":"https:\/\/www.schule-niepars.de\/index.php?rest_route=\/wp\/v2\/pages\/1872"}],"wp:attachment":[{"href":"https:\/\/www.schule-niepars.de\/index.php?rest_route=%2Fwp%2Fv2%2Fmedia&parent=151"}],"curies":[{"name":"wp","href":"https:\/\/api.w.org\/{rel}","templated":true}]}}