{"id":341,"date":"2017-01-17T14:57:05","date_gmt":"2017-01-17T13:57:05","guid":{"rendered":"http:\/\/www.gustav-und-co.de\/?page_id=341"},"modified":"2024-10-16T17:46:48","modified_gmt":"2024-10-16T15:46:48","slug":"schulfoerderverein","status":"publish","type":"page","link":"https:\/\/www.schule-niepars.de\/?page_id=341","title":{"rendered":"Schulf\u00f6rderverein"},"content":{"rendered":"<p>In den letzten Schuljahren wurden an der Regionalen Schule Niepars &#8222;Prof. Gustav Pflugradt&#8220; zahlreiche Projekte und Aktivit\u00e4ten durchgef\u00fchrt, bei denen sich auch interessierte Eltern engagieren konnten. Der SFV hat sich die Aufgabe gestellt, diese Projekte finanziell und ideell zu unterst\u00fctzen. Dem Vorstand des SFV geh\u00f6ren im Schuljahr folgende Personen an:<\/p>\n<ul>\n<li><span style=\"font-family: Arial;\">Herr Petershen (Vorsitzender)<\/span><\/li>\n<li>Herr Pr\u00fcter (stellv. Vorsitzender)<\/li>\n<li><span style=\"font-family: Arial;\">Frau Engel (Kassenwart)<\/span><\/li>\n<\/ul>\n<p>Der Schulf\u00f6rderverein unserer Schule unterst\u00fctzt und f\u00f6rdert kleine und gr\u00f6\u00dfere Projekte, die unseren Sch\u00fclern zugute kommen und die Arbeits- und Lernbedingungen verbessern. Seit unserem Bestehen unterst\u00fctzen wir z.B. die Partnerschaften mit den Kommunen Zaleszany in Polen und Skurup in Schweden. So waren Sch\u00fcler aus Skurup und Niepars in Lommel (Belgien) und haben dort auf dem gr\u00f6\u00dften europ\u00e4ischen Kriegsgr\u00e4berfriedhof f\u00fcr gefallene deutsche Soldaten der beiden Weltkriege bei der Pflege geholfen und sich mit der Geschichte und den pers\u00f6nlichen Schicksalen gefallener Soldaten auseinandergesetzt. Wichtig war dabei auch der Bezug zur Gegenwart und so wurde gemeinsam mit schwedischen Sch\u00fclern zu Fragen des Rechtradikalismus, zur Ausl\u00e4nderfeindlichkeit und zum weiteren Zusammenwachsen der europ\u00e4ischen Staaten diskutiert. Einen nachhaltigen Eindruck hat dabei auch der Besuch in einem ehemaligen Gef\u00e4ngnis f\u00fcr j\u00fcdische B\u00fcrger hinterlassen. Aus diesem Gef\u00e4ngnis wurden die Menschen direkt in die Vernichtungslager gebracht. Die ausgestellten Bilder von Kindern und Familien, die in diese Lager deportiert wurden, erinnerten unsere Sch\u00fcler daran, die Vergangenheit nicht zu vergessen, sich mit ihr kritisch auseinanderzusetzen und rechtsextremen Tendenzen schon fr\u00fchzeitig zu begegnen. Einen besonderen H\u00f6hepunkt stellte auch die Fahrt nach Br\u00fcssel dar, in der wir das Europ\u00e4ische Parlament besichtigten und einen Eindruck in die Arbeit der Parlamentarier erhielten. Die Projekte mit unserer schwedischen Partnerschule finden in jedem Schuljahr in der Klassenstufe 8 statt, wobei sie abwechselnd in Schweden und der Bundesrepublik durchgef\u00fchrt werden.<\/p>\n<p>Auch eine junge, aber bereits sehr beliebte Tradition stellen die j\u00e4hrlichen Sprachreisen dar. Im j\u00e4hrlichen Wechsel fahren Sch\u00fcler der F\u00e4cher Englisch und Franz\u00f6sisch nach Gro\u00dfbritannien bzw. Paris, um ihre sprachlichen Kenntnisse zu vertiefen und anzuwenden, aber sich auch mit der Geschichte des Landes, seinen Besonderheiten und Traditionen auseinanderzusetzen. F\u00fcr diese Fahrten finanziert der Schulf\u00f6rderverein z.B. die Eintrittsgelder in Museen und Sehensw\u00fcrdigkeiten.<\/p>\n<p><img loading=\"lazy\" decoding=\"async\" class=\"size-full wp-image-2144 aligncenter\" src=\"https:\/\/www.schule-niepars.de\/wp-content\/uploads\/2017\/08\/sprachreise15_beitrag.jpg\" alt=\"\" width=\"640\" height=\"480\" srcset=\"https:\/\/www.schule-niepars.de\/wp-content\/uploads\/2017\/08\/sprachreise15_beitrag.jpg 640w, https:\/\/www.schule-niepars.de\/wp-content\/uploads\/2017\/08\/sprachreise15_beitrag-300x225.jpg 300w, https:\/\/www.schule-niepars.de\/wp-content\/uploads\/2017\/08\/sprachreise15_beitrag-360x270.jpg 360w\" sizes=\"auto, (max-width: 640px) 100vw, 640px\" \/><\/p>\n<p align=\"center\"><span style=\"font-size: small;\">Sch\u00fcler der Nieparser Schule im Herbst 2015 in England<\/span><\/p>\n<p align=\"left\"><span style=\"font-family: Arial;\">Im Rahmen des Sozialkundeunterrichts der Klassenstufe 10 hat der Oberstaatsanwalt Herr Gibbels zum Thema: &#8222;Wie funktioniert unser Staat&#8220; in den vergangenen beiden Jahren referiert. Interessierte Sch\u00fcler konnten in 20 Stunden etwas zu der Entstehung des Grundgesetzes, zu den Verfassungsorganen, der Gesetzgebung und der Rechtsprechung lernen und ihr in der Schule erworbenes Wissen erweitern und vertiefen.<\/span><\/p>\n<p>Auch die Grundschule wurde finanziell mit der Anschaffung gew\u00fcnschter B\u00fccher und anderer Lehrmittel unterst\u00fctzt.<\/p>\n<p>Im Schuljahr 1998\/1999 beschloss der SFV einen F\u00f6rderpreis auszuloben. Es wurden die besten Sch\u00fcler der Abgangsklassen aus Haupt- und Realschule ermittelt und mit dem &#8222;Prof.-Gustav-Pflugradt-F\u00f6rderpreis&#8220; ausgezeichnet. Dieser Preis umfasst eine Erinnerungsmedaille und einen Buchscheck. Er kann auch unabh\u00e4ngig von schulischen Noten f\u00fcr ein besonderes soziales, kulturelles oder sonstiges au\u00dferschulisches Engagement verliehen werden.<\/p>\n<p>In jedem Schuljahr werden auch die f\u00fcr die an der Schule zahlreichen Olympiaden und Wettk\u00e4mpfe erforderlichen Urkunden durch den SFV gef\u00f6rdert.<\/p>\n<p>Wieder belebt wurde unter Mithilfe des SFV das Blasorchester der Klassenstufen 5 und 6. Unsere Schule nimmt damit am Modellprojekt &#8222;Klassenmusizieren&#8220; teil, das interessierten Sch\u00fclern als Alternativfach f\u00fcr den Musikunterricht angeboten wird. Die ersten Auftritte des Orchesters belegen die erfolgreiche Arbeit und erfreuen Sch\u00fcler, Eltern und Lehrer. Der SFV beteiligt sich dabei an der Jahresgeb\u00fchr, die die Musikschule Grimmen f\u00fcr die Bereitstellung eines Musiklehrers erhebt.<\/p>\n<p>Im M\u00e4rz 2002 begann an unserer Schule ein Selbstverteidigungskurs f\u00fcr M\u00e4dchen der Klassenstufen 8 &#8211; 10, der durch den PSV Stralsund durchgef\u00fchrt wird. Dieser Kurs wird ebenfalls durch den SFV und durch F\u00f6rdergelder des Pr\u00e4ventionsrates der Gemeinde Niepars unterst\u00fctzt.<\/p>\n<p>In den letzten Jahren ist an unserer Schule viel passiert und einiges ist mit der Unterst\u00fctzung des SFV leichter gewesen. Unsere Mitglieder zahlen einen Jahresbeitrag von 5,- Euro. Mit den dazukommenden Sponsorengeldern und den Beitr\u00e4gen werden ausschlie\u00dflich Schulprojekte gef\u00f6rdert. Es bedeutet immer ein bisschen \u00dcberwindung sich in einem Verein zu engagieren, aber wir m\u00f6chten Eltern und Interessierten Mut dazu machen. Wenn auch Sie Mitglied des SFV werden oder unseren Verein unterst\u00fctzen m\u00f6chten, wenden Sie sich einfach an die Schule &#8211; sie wird Ihnen gerne weiterhelfen!<\/p>\n","protected":false},"excerpt":{"rendered":"<p>In den letzten Schuljahren wurden an der Regionalen Schule Niepars &#8222;Prof. Gustav Pflugradt&#8220; zahlreiche Projekte und Aktivit\u00e4ten durchgef\u00fchrt, bei denen sich auch interessierte Eltern engagieren konnten. Der SFV hat sich die Aufgabe gestellt, diese Projekte finanziell und ideell zu unterst\u00fctzen. Dem Vorstand des SFV geh\u00f6ren im Schuljahr folgende Personen an: Herr Petershen (Vorsitzender) Herr Pr\u00fcter (stellv. Vorsitzender) Frau Engel (Kassenwart) Der Schulf\u00f6rderverein unserer Schule unterst\u00fctzt und f\u00f6rdert kleine und gr\u00f6\u00dfere Projekte, die unseren Sch\u00fclern zugute kommen und die Arbeits- und Lernbedingungen verbessern. Seit unserem Bestehen unterst\u00fctzen wir z.B. die Partnerschaften mit den Kommunen Zaleszany in Polen und Skurup in Schweden. <a href=\"https:\/\/www.schule-niepars.de\/?page_id=341\" class=\"read-more\">&#8230; Weiterlesen &#8230;<\/a><\/p>\n","protected":false},"author":3,"featured_media":0,"parent":0,"menu_order":0,"comment_status":"closed","ping_status":"closed","template":"","meta":{"footnotes":""},"class_list":["post-341","page","type-page","status-publish","hentry"],"_links":{"self":[{"href":"https:\/\/www.schule-niepars.de\/index.php?rest_route=\/wp\/v2\/pages\/341","targetHints":{"allow":["GET"]}}],"collection":[{"href":"https:\/\/www.schule-niepars.de\/index.php?rest_route=\/wp\/v2\/pages"}],"about":[{"href":"https:\/\/www.schule-niepars.de\/index.php?rest_route=\/wp\/v2\/types\/page"}],"author":[{"embeddable":true,"href":"https:\/\/www.schule-niepars.de\/index.php?rest_route=\/wp\/v2\/users\/3"}],"replies":[{"embeddable":true,"href":"https:\/\/www.schule-niepars.de\/index.php?rest_route=%2Fwp%2Fv2%2Fcomments&post=341"}],"version-history":[{"count":5,"href":"https:\/\/www.schule-niepars.de\/index.php?rest_route=\/wp\/v2\/pages\/341\/revisions"}],"predecessor-version":[{"id":7546,"href":"https:\/\/www.schule-niepars.de\/index.php?rest_route=\/wp\/v2\/pages\/341\/revisions\/7546"}],"wp:attachment":[{"href":"https:\/\/www.schule-niepars.de\/index.php?rest_route=%2Fwp%2Fv2%2Fmedia&parent=341"}],"curies":[{"name":"wp","href":"https:\/\/api.w.org\/{rel}","templated":true}]}}